{"id":65,"date":"2018-05-23T15:59:57","date_gmt":"2018-05-23T19:59:57","guid":{"rendered":"http:\/\/patenaude.law\/?page_id=65"},"modified":"2021-07-29T14:04:39","modified_gmt":"2021-07-29T18:04:39","slug":"expertise","status":"publish","type":"page","link":"https:\/\/patenaude.law\/fr\/expertise\/","title":{"rendered":"Expertise"},"content":{"rendered":"<p>Nous avons d\u00e9velopp\u00e9 une expertise de pointe dans les domaines de la planification fiscale et successorale, des fiducies, de la protection d&rsquo;actifs ainsi qu&rsquo;en mati\u00e8re de r\u00e9mun\u00e9ration et r\u00e9gimes d&rsquo;int\u00e9ressement des cadres.<\/p>\n<p>Nous offrons des services-conseils en fiscalit\u00e9 des particuliers et des entreprises, notamment aupr\u00e8s des soci\u00e9t\u00e9s priv\u00e9es et des organismes sans but lucratif. Nous intervenons aussi en mati\u00e8re de r\u00e9organisation corporative pour les entreprises familiales.<\/p>\n<p>Notre \u00e9quipe est \u00e0 la disposition de nos clients pour r\u00e9aliser une analyse exhaustive de leur situation personnelle et commerciale. Nos secteurs d\u2019expertises sont :<\/p>\n<h2>Planification fiscale, fiduciaire, successorale et testamentaire<\/h2>\n<ul>\n<li>Planification successorale canadienne<\/li>\n<li>Planification fiscale et successorale transfrontali\u00e8re<\/li>\n<li>Testament et mandat de protection<\/li>\n<li>Fiducies du vivant ou testamentaires canadiennes ou \u00e9trang\u00e8res<\/li>\n<li>Modification et liquidation de fiducies<\/li>\n<li>Fractionnement de revenu<\/li>\n<li>D\u00e9tention des biens hors Qu\u00e9bec<\/li>\n<li>Protection d\u2019actifs<\/li>\n<li>Optimisation des dons<\/li>\n<\/ul>\n<h2>Planification fiscale des soci\u00e9t\u00e9s priv\u00e9es<\/h2>\n<ul>\n<li>R\u00e9organisation d\u2019entreprise et gel successoral<\/li>\n<li>Transfert et p\u00e9rennit\u00e9 d\u2019entreprise<\/li>\n<li>Optimisation fiscale de l\u2019entreprise et des placements<\/li>\n<li>Plan de compensation<\/li>\n<li>D\u00e9ductibilit\u00e9 des int\u00e9r\u00eats<\/li>\n<\/ul>\n<blockquote><p>C&rsquo;est assez amusant de chercher \u00e0 faire l&rsquo;impossible. <em>\u2014\u00a0Walt Disney<\/em><\/p><\/blockquote>\n","protected":false},"excerpt":{"rendered":"<p>Nous avons d\u00e9velopp\u00e9 une expertise de pointe dans les domaines de la planification fiscale et successorale, des fiducies, de la protection d&rsquo;actifs ainsi qu&rsquo;en mati\u00e8re de r\u00e9mun\u00e9ration et r\u00e9gimes d&rsquo;int\u00e9ressement des cadres. Nous offrons des services-conseils en fiscalit\u00e9 des particuliers et des entreprises, notamment aupr\u00e8s des soci\u00e9t\u00e9s priv\u00e9es et des organismes sans but lucratif. Nous [&hellip;]<\/p>\n","protected":false},"author":1,"featured_media":542,"parent":0,"menu_order":0,"comment_status":"closed","ping_status":"closed","template":"","meta":[],"_links":{"self":[{"href":"https:\/\/patenaude.law\/fr\/wp-json\/wp\/v2\/pages\/65"}],"collection":[{"href":"https:\/\/patenaude.law\/fr\/wp-json\/wp\/v2\/pages"}],"about":[{"href":"https:\/\/patenaude.law\/fr\/wp-json\/wp\/v2\/types\/page"}],"author":[{"embeddable":true,"href":"https:\/\/patenaude.law\/fr\/wp-json\/wp\/v2\/users\/1"}],"replies":[{"embeddable":true,"href":"https:\/\/patenaude.law\/fr\/wp-json\/wp\/v2\/comments?post=65"}],"version-history":[{"count":6,"href":"https:\/\/patenaude.law\/fr\/wp-json\/wp\/v2\/pages\/65\/revisions"}],"predecessor-version":[{"id":148,"href":"https:\/\/patenaude.law\/fr\/wp-json\/wp\/v2\/pages\/65\/revisions\/148"}],"wp:featuredmedia":[{"embeddable":true,"href":"https:\/\/patenaude.law\/fr\/wp-json\/wp\/v2\/media\/542"}],"wp:attachment":[{"href":"https:\/\/patenaude.law\/fr\/wp-json\/wp\/v2\/media?parent=65"}],"curies":[{"name":"wp","href":"https:\/\/api.w.org\/{rel}","templated":true}]}}