{"id":61,"date":"2018-05-23T15:57:31","date_gmt":"2018-05-23T19:57:31","guid":{"rendered":"http:\/\/patenaude.law\/?page_id=61"},"modified":"2021-07-29T14:04:19","modified_gmt":"2021-07-29T18:04:19","slug":"engagement","status":"publish","type":"page","link":"https:\/\/patenaude.law\/fr\/engagement\/","title":{"rendered":"Engagement"},"content":{"rendered":"<p>Notre mission est de fournir \u00e0 nos clients l\u2019exp\u00e9rience et l\u2019expertise n\u00e9cessaires pour \u00e9claircir la complexit\u00e9 des lois fiscales tout en consid\u00e9rant les pr\u00e9occupations relationnelles et familiales li\u00e9es \u00e0 leurs projets et transactions.<\/p>\n<p>Nous avons tous des besoins et des aspirations uniques. Pour mieux r\u00e9pondre aux besoins de planification fiscale et successorale de nos clients, notre cabinet boutique met l&rsquo;accent sur l\u2019\u00e9coute et la communication. Nous \u00e9valuons les diverses solutions et strat\u00e9gies possibles afin d\u2019\u00e9laborer, ensemble, un plan personnalis\u00e9 qui correspondra le mieux \u00e0 leurs besoins.<\/p>\n<blockquote><p>Cela semble toujours impossible, jusqu&rsquo;\u00e0 ce qu&rsquo;on le fasse.\u00a0<em>\u2014 Nelson Mandela<\/em><\/p><\/blockquote>\n<p>Source d\u2019innovation dans le domaine de la planification successorale et fiscale et leaders dans le march\u00e9 qu\u00e9b\u00e9cois, nous anticipons les besoins de nos clients.<\/p>\n<p>Nos clients font face \u00e0 des situations tr\u00e8s complexes. En les aidant \u00e0 prendre un recul, nous obtenons une vision pragmatique de la situation. D\u00e8s le d\u00e9part, nous b\u00e2tissons ensemble un plan solide pour assurer le futur de leur famille et la p\u00e9rennit\u00e9 de leur entreprise.<\/p>\n<blockquote><p>Le futur d\u00e9pend de ce que nous faisons aujourd\u2019hui. <em>\u2014\u00a0Mahatma Gandhi<\/em><\/p><\/blockquote>\n","protected":false},"excerpt":{"rendered":"<p>Notre mission est de fournir \u00e0 nos clients l\u2019exp\u00e9rience et l\u2019expertise n\u00e9cessaires pour \u00e9claircir la complexit\u00e9 des lois fiscales tout en consid\u00e9rant les pr\u00e9occupations relationnelles et familiales li\u00e9es \u00e0 leurs projets et transactions. Nous avons tous des besoins et des aspirations uniques. Pour mieux r\u00e9pondre aux besoins de planification fiscale et successorale de nos clients, [&hellip;]<\/p>\n","protected":false},"author":1,"featured_media":514,"parent":0,"menu_order":0,"comment_status":"closed","ping_status":"closed","template":"","meta":[],"_links":{"self":[{"href":"https:\/\/patenaude.law\/fr\/wp-json\/wp\/v2\/pages\/61"}],"collection":[{"href":"https:\/\/patenaude.law\/fr\/wp-json\/wp\/v2\/pages"}],"about":[{"href":"https:\/\/patenaude.law\/fr\/wp-json\/wp\/v2\/types\/page"}],"author":[{"embeddable":true,"href":"https:\/\/patenaude.law\/fr\/wp-json\/wp\/v2\/users\/1"}],"replies":[{"embeddable":true,"href":"https:\/\/patenaude.law\/fr\/wp-json\/wp\/v2\/comments?post=61"}],"version-history":[{"count":5,"href":"https:\/\/patenaude.law\/fr\/wp-json\/wp\/v2\/pages\/61\/revisions"}],"predecessor-version":[{"id":149,"href":"https:\/\/patenaude.law\/fr\/wp-json\/wp\/v2\/pages\/61\/revisions\/149"}],"wp:featuredmedia":[{"embeddable":true,"href":"https:\/\/patenaude.law\/fr\/wp-json\/wp\/v2\/media\/514"}],"wp:attachment":[{"href":"https:\/\/patenaude.law\/fr\/wp-json\/wp\/v2\/media?parent=61"}],"curies":[{"name":"wp","href":"https:\/\/api.w.org\/{rel}","templated":true}]}}