{"id":56,"date":"2018-05-23T15:44:58","date_gmt":"2018-05-23T19:44:58","guid":{"rendered":"http:\/\/patenaude.law\/?page_id=56"},"modified":"2021-06-23T16:11:06","modified_gmt":"2021-06-23T20:11:06","slug":"equipe-ancienne","status":"publish","type":"page","link":"https:\/\/patenaude.law\/fr\/equipe-ancienne\/","title":{"rendered":"\u00c9quipe"},"content":{"rendered":"<p>Notre \u00e9quipe de juristes chevronn\u00e9s est \u00e0 l\u2019aff\u00fbt d\u2019un domaine en constante \u00e9volution. En tant que son noyau, Me Hugo Patenaude participe \u00e0 tous les dossiers afin d\u2019assurer son niveau habituel d\u2019excellence en mati\u00e8re de planification fiscale et successorale. Son exp\u00e9rience d\u2019associ\u00e9 au sein des grandes firmes comptables et d\u2019avocats montr\u00e9alaises contribue \u00e0 offrir \u00e0 nos clients des solutions sur mesure et des conseils innovateurs exceptionnels.<\/p>\n<blockquote><p>Rendez les choses aussi simples que possible, mais pas plus simples.\u00a0<em>\u2014 Albert Einstein<\/em><\/p><\/blockquote>\n<h2>\u00c0 propos d&rsquo;Hugo Patenaude<\/h2>\n<p><img loading=\"lazy\" class=\"alignright size-full wp-image-153\" src=\"https:\/\/patenaude.law\/wp-content\/uploads\/2018\/05\/hugo-patenaude.jpg\" alt=\"\" width=\"512\" height=\"341\" \/>Me Hugo Patenaude est le fondateur du cabinet Patenaude Fiscalit\u00e9 + Fiducie. Me Patenaude se sp\u00e9cialise dans le domaine de la planification fiscale et successorale canadienne et transfrontali\u00e8re. Il a plus de 24 ans d\u2019exp\u00e9rience dans ces domaines, exp\u00e9rience acquise principalement dans les grands cabinets de comptables et d\u2019avocats de Montr\u00e9al. Me Patenaude offre aux particuliers des solutions fiscales et d&rsquo;affaires en mati\u00e8re de fiducie, succession, testament et succession d\u2019entreprise. Dans le cadre de ses mandats, il aide ses clients \u00e0 minimiser leurs imp\u00f4ts payables et \u00e0 prot\u00e9ger leurs biens. Il conseille \u00e9galement ses clients en mati\u00e8re de r\u00e9organisation corporative et propose des strat\u00e9gies profitables lors de transactions d&rsquo;achat, de vente et de transmission d&rsquo;entreprises. Au cours des ann\u00e9es, il a d\u00e9velopp\u00e9 une expertise unique dans la planification des soci\u00e9t\u00e9s et de leurs propri\u00e9taires.<\/p>\n<p>Reconnu comme un expert par ses pairs, il est un conf\u00e9rencier recherch\u00e9 dans ses domaines d\u2019expertise. Il donne r\u00e9guli\u00e8rement des conf\u00e9rences et a publi\u00e9 plusieurs textes pour diverses organisations professionnelles. Me Patenaude a enseign\u00e9 la fiscalit\u00e9 des fiducies pendant 11 ans dans le cadre du programme de maitrise en fiscalit\u00e9 de l\u2019universit\u00e9 de Sherbrooke. Il enseigne depuis 2014 la fiscalit\u00e9 des fiducies dans le cadre du programme de formation de l\u2019Association de planification fiscale et financi\u00e8re. Me Patenaude est membre du comit\u00e9 technique d\u2019imp\u00f4t de la Society of Trust and Estate Practitionners depuis 2013.<\/p>\n<p>Me Patenaude est reconnu par le r\u00e9pertoire juridique \u00ab Who&rsquo;s Who Legal \u00bb comme l&rsquo;un des meilleurs juristes dans le secteur des clients priv\u00e9s (depuis 2016). Il a \u00e9galement \u00e9t\u00e9 reconnu par ses pairs comme l&rsquo;un des meilleurs juristes canadiens dans le domaine de la planification successorale et fiscale personnelle par le r\u00e9pertoire juridique canadien Lexpert (2013-2014) et comme l&rsquo;un des meilleurs juristes canadiens dans le secteur des clients priv\u00e9s (2008-2013) par \u00ab Practical Law Company &#8211; Which Lawyer? \u00bb.<\/p>\n","protected":false},"excerpt":{"rendered":"<p>Notre \u00e9quipe de juristes chevronn\u00e9s est \u00e0 l\u2019aff\u00fbt d\u2019un domaine en constante \u00e9volution. En tant que son noyau, Me Hugo Patenaude participe \u00e0 tous les dossiers afin d\u2019assurer son niveau habituel d\u2019excellence en mati\u00e8re de planification fiscale et successorale. Son exp\u00e9rience d\u2019associ\u00e9 au sein des grandes firmes comptables et d\u2019avocats montr\u00e9alaises contribue \u00e0 offrir \u00e0 [&hellip;]<\/p>\n","protected":false},"author":1,"featured_media":152,"parent":0,"menu_order":0,"comment_status":"closed","ping_status":"closed","template":"","meta":[],"_links":{"self":[{"href":"https:\/\/patenaude.law\/fr\/wp-json\/wp\/v2\/pages\/56"}],"collection":[{"href":"https:\/\/patenaude.law\/fr\/wp-json\/wp\/v2\/pages"}],"about":[{"href":"https:\/\/patenaude.law\/fr\/wp-json\/wp\/v2\/types\/page"}],"author":[{"embeddable":true,"href":"https:\/\/patenaude.law\/fr\/wp-json\/wp\/v2\/users\/1"}],"replies":[{"embeddable":true,"href":"https:\/\/patenaude.law\/fr\/wp-json\/wp\/v2\/comments?post=56"}],"version-history":[{"count":8,"href":"https:\/\/patenaude.law\/fr\/wp-json\/wp\/v2\/pages\/56\/revisions"}],"predecessor-version":[{"id":155,"href":"https:\/\/patenaude.law\/fr\/wp-json\/wp\/v2\/pages\/56\/revisions\/155"}],"wp:featuredmedia":[{"embeddable":true,"href":"https:\/\/patenaude.law\/fr\/wp-json\/wp\/v2\/media\/152"}],"wp:attachment":[{"href":"https:\/\/patenaude.law\/fr\/wp-json\/wp\/v2\/media?parent=56"}],"curies":[{"name":"wp","href":"https:\/\/api.w.org\/{rel}","templated":true}]}}