{"id":23,"date":"2018-05-16T15:49:58","date_gmt":"2018-05-16T19:49:58","guid":{"rendered":"http:\/\/patenaude.law\/expertise\/"},"modified":"2021-07-29T14:03:28","modified_gmt":"2021-07-29T18:03:28","slug":"cabinet","status":"publish","type":"page","link":"https:\/\/patenaude.law\/fr\/cabinet\/","title":{"rendered":"Cabinet"},"content":{"rendered":"<p>Cabinet boutique sp\u00e9cialis\u00e9 en planification fiscale pour les clients priv\u00e9s, nous conseillons les personnes d\u00e9tenant des biens ou une entreprise au Canada ou \u00e0 l\u2019\u00e9tranger, ainsi que les membres de leur famille r\u00e9sidant au Canada ou \u00e0 l\u2019\u00e9tranger. Notre fondateur, Me Hugo Patenaude, est reconnu \u00e0 travers le Canada et \u00e0 l\u2019\u00e9tranger pour son expertise de pointe aupr\u00e8s de clients priv\u00e9s, notamment dans le domaine de la planification fiscale et successorale ainsi qu\u2019en droit des fiducies.<\/p>\n<blockquote><p>La qualit\u00e9 est plus importante que la quantit\u00e9.\u00a0<em>\u2014 Steve Jobs<\/em><\/p><\/blockquote>\n<p>En tant que cabinet boutique, nous nous concentrons sur un champ de pratique sp\u00e9cialis\u00e9 et nous nous d\u00e9marquons des grands cabinets par notre structure souple et conviviale. \u00c0 l\u2019\u00e9coute des besoins de notre client\u00e8le, nous lui offrons une attention soutenue et cibl\u00e9e, et ce, pendant toute la dur\u00e9e de ses projets ou transactions. Nous faisons \u00e9quipe avec nos clients, leur famille et leurs conseillers afin d\u2019offrir des solutions pratiques et novatrices, \u00e9labor\u00e9es sur mesure pour r\u00e9pondre \u00e0 leurs pr\u00e9occupations familiales, juridiques et fiscales. Acquis pendant plus de deux d\u00e9cennies aupr\u00e8s de cabinets de comptables et de firmes d\u2019avocats de grande envergure, notre exp\u00e9rience et notre savoir-faire offrent \u00e0 nos clients un point de vue hors pair. Chaque situation \u00e9tant unique, nous pr\u00e9conisons donc une approche humaine, ax\u00e9e sur l\u2019\u00e9laboration de solutions cr\u00e9atives et personnalis\u00e9es.<\/p>\n<p>De plus, nous maintenons des liens privil\u00e9gi\u00e9s avec d\u2019importants cabinets d\u2019avocats et de comptables. Ce r\u00e9seau nous permet d\u2019offrir un service int\u00e9gr\u00e9 \u00e0 l\u2019\u00e9chelle nationale et internationale et de mieux r\u00e9pondre aux besoins de notre client\u00e8le et de sa famille.<\/p>\n<p>Au fil des ans, le fondateur de notre cabinet a \u00e9t\u00e9 reconnu par le r\u00e9pertoire juridique canadien Lexpert comme un praticien de premier plan dans le domaine de la planification successorale et fiscale. Il a \u00e9galement \u00e9t\u00e9 reconnu dans le domaine des clients priv\u00e9s par les r\u00e9pertoires juridiques internationaux Practical Law Company &#8211; Which Lawyer? et Who&rsquo;s Who Legal.<\/p>\n","protected":false},"excerpt":{"rendered":"<p>Cabinet boutique sp\u00e9cialis\u00e9 en planification fiscale pour les clients priv\u00e9s, nous conseillons les personnes d\u00e9tenant des biens ou une entreprise au Canada ou \u00e0 l\u2019\u00e9tranger, ainsi que les membres de leur famille r\u00e9sidant au Canada ou \u00e0 l\u2019\u00e9tranger. Notre fondateur, Me Hugo Patenaude, est reconnu \u00e0 travers le Canada et \u00e0 l\u2019\u00e9tranger pour son expertise [&hellip;]<\/p>\n","protected":false},"author":1,"featured_media":505,"parent":0,"menu_order":0,"comment_status":"closed","ping_status":"closed","template":"","meta":[],"_links":{"self":[{"href":"https:\/\/patenaude.law\/fr\/wp-json\/wp\/v2\/pages\/23"}],"collection":[{"href":"https:\/\/patenaude.law\/fr\/wp-json\/wp\/v2\/pages"}],"about":[{"href":"https:\/\/patenaude.law\/fr\/wp-json\/wp\/v2\/types\/page"}],"author":[{"embeddable":true,"href":"https:\/\/patenaude.law\/fr\/wp-json\/wp\/v2\/users\/1"}],"replies":[{"embeddable":true,"href":"https:\/\/patenaude.law\/fr\/wp-json\/wp\/v2\/comments?post=23"}],"version-history":[{"count":9,"href":"https:\/\/patenaude.law\/fr\/wp-json\/wp\/v2\/pages\/23\/revisions"}],"predecessor-version":[{"id":150,"href":"https:\/\/patenaude.law\/fr\/wp-json\/wp\/v2\/pages\/23\/revisions\/150"}],"wp:featuredmedia":[{"embeddable":true,"href":"https:\/\/patenaude.law\/fr\/wp-json\/wp\/v2\/media\/505"}],"wp:attachment":[{"href":"https:\/\/patenaude.law\/fr\/wp-json\/wp\/v2\/media?parent=23"}],"curies":[{"name":"wp","href":"https:\/\/api.w.org\/{rel}","templated":true}]}}